{"id":9779,"date":"2022-03-30T22:54:54","date_gmt":"2022-03-30T19:54:54","guid":{"rendered":"https:\/\/hitmutfak.com\/product\/rtw120l-120-litre-sogutmali-teshir-unitesi\/"},"modified":"2024-10-20T21:36:32","modified_gmt":"2024-10-20T18:36:32","slug":"rtw120l-120-litre-sogutmali-teshir-unitesi","status":"publish","type":"product","link":"https:\/\/hitmutfak.com\/en\/product\/rtw120l-120-litre-sogutmali-teshir-unitesi\/","title":{"rendered":"N&#8217;dustr\u0131o Rtw120l &#8211; 120 Litre So\u011futmal\u0131 Te\u015fhir \u00dcnitesi"},"content":{"rendered":"<p>&#8211; Kapasite: 120 litre<br \/>\n&#8211; \u00c7al\u0131\u015fma s\u0131cakl\u0131\u011f\u0131 0\u00b0C + 12\u00b0C<br \/>\n&#8211; Led ayd\u0131nlatma<br \/>\n&#8211; \u00c7ift cam<br \/>\n&#8211; Ayarlanabilir 2 adet raf<br \/>\n&#8211; Dijital s\u0131cakl\u0131k kontrol\u00fc<br \/>\n&#8211; G\u00fc\u00e7: 0,16 Elek. kW &#8211; 50 Hz ~ 220V<br \/>\n&#8211; Boyutlar: 702 x 568 x 686 mm<br \/>\n&#8211; A\u011f\u0131rl\u0131k: 64 kg<\/p>\n","protected":false},"excerpt":{"rendered":"<p>&#8211; Kapasite: 120 litre &#8211; \u00c7al\u0131\u015fma s\u0131cakl\u0131\u011f\u0131 0\u00b0C + 12\u00b0C &#8211; Led ayd\u0131nlatma &#8211; \u00c7ift cam &#8211; Ayarlanabilir 2 adet raf &#8211; Dijital s\u0131cakl\u0131k kontrol\u00fc &#8211; G\u00fc\u00e7: 0,16 Elek. kW &#8211; 50 Hz ~ 220V &#8211; Boyutlar: 702 x 568 x 686 mm &#8211; A\u011f\u0131rl\u0131k: 64 kg<\/p>\n","protected":false},"featured_media":6716,"comment_status":"closed","ping_status":"closed","template":"","meta":[],"product_brand":[],"product_cat":[1152,1378,1379,1382,1383,1385],"product_tag":[1380],"class_list":{"0":"post-9779","1":"product","2":"type-product","3":"status-publish","4":"has-post-thumbnail","6":"product_cat-cooling-equipment","7":"product_cat-servis-ekipmanlari-en","8":"product_cat-display-units","9":"product_cat-refrigerator","10":"product_cat-sogutucu-ekipmanlar-en","11":"product_cat-ndustrio-en","12":"product_tag-sogutma-ekipmanlari-en","14":"first","15":"instock","16":"taxable","17":"shipping-taxable","18":"purchasable","19":"product-type-simple","20":"prodpage-style2"},"_links":{"self":[{"href":"https:\/\/hitmutfak.com\/en\/wp-json\/wp\/v2\/product\/9779","targetHints":{"allow":["GET"]}}],"collection":[{"href":"https:\/\/hitmutfak.com\/en\/wp-json\/wp\/v2\/product"}],"about":[{"href":"https:\/\/hitmutfak.com\/en\/wp-json\/wp\/v2\/types\/product"}],"replies":[{"embeddable":true,"href":"https:\/\/hitmutfak.com\/en\/wp-json\/wp\/v2\/comments?post=9779"}],"wp:featuredmedia":[{"embeddable":true,"href":"https:\/\/hitmutfak.com\/en\/wp-json\/wp\/v2\/media\/6716"}],"wp:attachment":[{"href":"https:\/\/hitmutfak.com\/en\/wp-json\/wp\/v2\/media?parent=9779"}],"wp:term":[{"taxonomy":"product_brand","embeddable":true,"href":"https:\/\/hitmutfak.com\/en\/wp-json\/wp\/v2\/product_brand?post=9779"},{"taxonomy":"product_cat","embeddable":true,"href":"https:\/\/hitmutfak.com\/en\/wp-json\/wp\/v2\/product_cat?post=9779"},{"taxonomy":"product_tag","embeddable":true,"href":"https:\/\/hitmutfak.com\/en\/wp-json\/wp\/v2\/product_tag?post=9779"}],"curies":[{"name":"wp","href":"https:\/\/api.w.org\/{rel}","templated":true}]}}