{"id":2916,"date":"2020-10-07T03:04:18","date_gmt":"2020-10-07T00:04:19","guid":{"rendered":"http:\/\/hitmutfak.nevsite.com\/?post_type=product&#038;p=2916"},"modified":"2020-10-07T03:05:50","modified_gmt":"2020-10-07T00:05:50","slug":"eg921sg-grill-2","status":"publish","type":"product","link":"https:\/\/hitmutfak.com\/en\/product\/eg921sg-grill-2\/","title":{"rendered":"EG921SG  # GR\u0130LL"},"content":{"rendered":"<p><strong>Electric<\/strong><br \/><strong>1\/2, Smooth, 1\/2 Grooved Surface<\/strong><br \/>Body supporting frame, panelling and heating<br \/>element made of stainless steel.<br \/>Controlled by thermostat.<br \/>Controlled by safety thermostats<br \/>against overheating.<br \/>Removable fat container.<br \/>Plate Thickness 15 mm<br \/>EAN 8699234411007<\/p>\n<p># Chrome coated<\/p>\n<p>&nbsp;<\/p>\n<div class=\"aciklama\">\n<div class=\"sekme1\">Dimension (mm) 850x900x900<\/div>\n<\/div>\n<div class=\"aciklama\">\n<div class=\"sekme1\">Gross (kg) 154<\/div>\n<\/div>\n<div class=\"aciklama\">\n<div class=\"sekme1\">Gross (m\u00b3) 0,97<\/div>\n<\/div>\n<div class=\"aciklama\">\n<div class=\"sekme1\">Total Power (W) 12000<\/div>\n<\/div>\n<div class=\"aciklama\">\n<div class=\"sekme1\">Energy 380\/400 V, 3~, 50\/60 Hz<\/div>\n<\/div>\n<div class=\"aciklama\">\n<div class=\"sekme1\">EAN No 8699234411007<\/div>\n<\/div>\n<div class=\"aciklama\">\n<div class=\"sekme1\">Krom Kaplama Kal\u0131nl\u0131\u011f\u0131<\/div>\n<\/div>\n<div class=\"aciklama\">\n<div class=\"sekme1\">Pleyt Kal\u0131nl\u0131\u011f\u0131 15 mm<\/div>\n<\/div>\n","protected":false},"excerpt":{"rendered":"<p>Electric1\/2, Smooth, 1\/2 Grooved SurfaceBody supporting frame, panelling and heatingelement made of stainless steel.Controlled by thermostat.Controlled by safety thermostatsagainst overheating.Removable fat container.Plate Thickness 15 mmEAN 8699234411007 # Chrome coated &nbsp; Dimension (mm) 850x900x900 Gross (kg) 154 Gross (m\u00b3) 0,97 Total Power (W) 12000 Energy 380\/400 V, 3~, 50\/60 Hz EAN No 8699234411007 Krom Kaplama Kal\u0131nl\u0131\u011f\u0131<\/p>\n","protected":false},"featured_media":2914,"comment_status":"closed","ping_status":"closed","template":"","meta":[],"product_brand":[],"product_cat":[1070,1439,1512,1516],"product_tag":[559],"class_list":{"0":"post-2916","1":"product","2":"type-product","3":"status-publish","4":"has-post-thumbnail","6":"product_cat-arisco","7":"product_cat-grills","8":"product_cat-cookers-en","9":"product_cat-grills-en","10":"product_tag-grill","12":"first","13":"instock","14":"taxable","15":"shipping-taxable","16":"purchasable","17":"product-type-simple","18":"prodpage-style2"},"_links":{"self":[{"href":"https:\/\/hitmutfak.com\/en\/wp-json\/wp\/v2\/product\/2916","targetHints":{"allow":["GET"]}}],"collection":[{"href":"https:\/\/hitmutfak.com\/en\/wp-json\/wp\/v2\/product"}],"about":[{"href":"https:\/\/hitmutfak.com\/en\/wp-json\/wp\/v2\/types\/product"}],"replies":[{"embeddable":true,"href":"https:\/\/hitmutfak.com\/en\/wp-json\/wp\/v2\/comments?post=2916"}],"wp:featuredmedia":[{"embeddable":true,"href":"https:\/\/hitmutfak.com\/en\/wp-json\/wp\/v2\/media\/2914"}],"wp:attachment":[{"href":"https:\/\/hitmutfak.com\/en\/wp-json\/wp\/v2\/media?parent=2916"}],"wp:term":[{"taxonomy":"product_brand","embeddable":true,"href":"https:\/\/hitmutfak.com\/en\/wp-json\/wp\/v2\/product_brand?post=2916"},{"taxonomy":"product_cat","embeddable":true,"href":"https:\/\/hitmutfak.com\/en\/wp-json\/wp\/v2\/product_cat?post=2916"},{"taxonomy":"product_tag","embeddable":true,"href":"https:\/\/hitmutfak.com\/en\/wp-json\/wp\/v2\/product_tag?post=2916"}],"curies":[{"name":"wp","href":"https:\/\/api.w.org\/{rel}","templated":true}]}}