{"id":2858,"date":"2020-10-05T03:05:10","date_gmt":"2020-10-05T00:05:10","guid":{"rendered":"http:\/\/hitmutfak.nevsite.com\/?post_type=product&#038;p=2858"},"modified":"2020-10-05T03:07:10","modified_gmt":"2020-10-05T00:07:10","slug":"gbp150-boiling-pan","status":"publish","type":"product","link":"https:\/\/hitmutfak.com\/en\/product\/gbp150-boiling-pan\/","title":{"rendered":"GBP150 BOILING PAN"},"content":{"rendered":"<p><strong>Gas \u2022 Direct heating<\/strong><br \/>Made of stainless steel.<br \/>Counter weighted folding lid.<br \/>Burner with complete magnet security valve.<br \/>Which contains ignition and stop button<br \/>together with pilot thermocouple and<br \/>thermostat.<br \/>If the flame goes out, gas are cutted off.<br \/>Cold and hot water filling tap.<br \/>Drainage tap.<br \/>Gas devices are preset to natural gas<br \/>(G20). Liquid gas nozzles<br \/>are enclosed (G30).<br \/>GBP100 EAN 8699234439643<\/p>\n<p>&nbsp;<\/p>\n<div class=\"aciklama\">\n<div class=\"sekme1\">\n<div class=\"aciklama\">\n<div class=\"sekme1\">Dimension (mm) 850x900x900<\/div>\n<\/div>\n<div class=\"aciklama\">\n<div class=\"sekme1\">Lt 150<\/div>\n<\/div>\n<div class=\"aciklama\">\n<div class=\"sekme1\">Gross (kg) 180<\/div>\n<\/div>\n<div class=\"aciklama\">\n<div class=\"sekme1\">Gross (m\u00b3)0,97<\/div>\n<\/div>\n<div class=\"aciklama\">\n<div class=\"sekme1\">Total Power (W) 29250<\/div>\n<\/div>\n<div class=\"aciklama\">\n<div class=\"sekme1\">Energy Gaz<\/div>\n<\/div>\n<div class=\"aciklama\">\n<div class=\"sekme1\">EAN No 8699234439650<\/div>\n<\/div>\n<div class=\"aciklama\">\n<div class=\"sekme1\">Gaz T\u00fcketimi (Do\u011fal Gaz) 3,05 m\u00b3\/h<\/div>\n<\/div>\n<div class=\"aciklama\">\n<div class=\"sekme1\">Gaz Giri\u015fi \u00c7ap\u0131 1\/2&#8243;<\/div>\n<\/div>\n<div class=\"aciklama\">\n<div class=\"sekme1\">Gaz T\u00fcketimi (LPG) 2,30 kg\/h<\/div>\n<\/div>\n<\/div>\n<\/div>\n","protected":false},"excerpt":{"rendered":"<p>Gas \u2022 Direct heatingMade of stainless steel.Counter weighted folding lid.Burner with complete magnet security valve.Which contains ignition and stop buttontogether with pilot thermocouple andthermostat.If the flame goes out, gas are cutted off.Cold and hot water filling tap.Drainage tap.Gas devices are preset to natural gas(G20). Liquid gas nozzlesare enclosed (G30).GBP100 EAN 8699234439643 &nbsp; Dimension (mm) 850x900x900<\/p>\n","protected":false},"featured_media":2856,"comment_status":"closed","ping_status":"closed","template":"","meta":[],"product_brand":[],"product_cat":[1070,641],"product_tag":[],"class_list":{"0":"post-2858","1":"product","2":"type-product","3":"status-publish","4":"has-post-thumbnail","6":"product_cat-arisco","7":"product_cat-boiling-pan-en","9":"first","10":"instock","11":"taxable","12":"shipping-taxable","13":"purchasable","14":"product-type-simple","15":"prodpage-style2"},"_links":{"self":[{"href":"https:\/\/hitmutfak.com\/en\/wp-json\/wp\/v2\/product\/2858","targetHints":{"allow":["GET"]}}],"collection":[{"href":"https:\/\/hitmutfak.com\/en\/wp-json\/wp\/v2\/product"}],"about":[{"href":"https:\/\/hitmutfak.com\/en\/wp-json\/wp\/v2\/types\/product"}],"replies":[{"embeddable":true,"href":"https:\/\/hitmutfak.com\/en\/wp-json\/wp\/v2\/comments?post=2858"}],"wp:featuredmedia":[{"embeddable":true,"href":"https:\/\/hitmutfak.com\/en\/wp-json\/wp\/v2\/media\/2856"}],"wp:attachment":[{"href":"https:\/\/hitmutfak.com\/en\/wp-json\/wp\/v2\/media?parent=2858"}],"wp:term":[{"taxonomy":"product_brand","embeddable":true,"href":"https:\/\/hitmutfak.com\/en\/wp-json\/wp\/v2\/product_brand?post=2858"},{"taxonomy":"product_cat","embeddable":true,"href":"https:\/\/hitmutfak.com\/en\/wp-json\/wp\/v2\/product_cat?post=2858"},{"taxonomy":"product_tag","embeddable":true,"href":"https:\/\/hitmutfak.com\/en\/wp-json\/wp\/v2\/product_tag?post=2858"}],"curies":[{"name":"wp","href":"https:\/\/api.w.org\/{rel}","templated":true}]}}