{"id":2825,"date":"2020-10-04T18:18:34","date_gmt":"2020-10-04T15:18:35","guid":{"rendered":"http:\/\/hitmutfak.nevsite.com\/?post_type=product&#038;p=2825"},"modified":"2020-10-04T18:22:06","modified_gmt":"2020-10-04T15:22:06","slug":"ggl911-lava-char-grill","status":"publish","type":"product","link":"https:\/\/hitmutfak.com\/en\/product\/ggl911-lava-char-grill\/","title":{"rendered":"GGL911 LAVA CHAR GRILL"},"content":{"rendered":"<p>Gas \u2022 Lavastone<br \/>Body, panelling made of stainless steel.<br \/>Operable with LP or natural gas.<br \/>Controlled by thermostat.<br \/>Burner with ignition, pilot, thermocouple and<br \/>thermostat.<br \/>If the flame goes out, gas are cutted off.<br \/>Removable fat container.<br \/>Gas devices are preset to natural gas<br \/>(G20). Liquid gas nozzles<br \/>are enclosed (G30).<br \/>GGL911 EAN 8699234449666<\/p>\n<p>&nbsp;<\/p>\n<div class=\"aciklama\">\n<div class=\"sekme1\">Dimension (mm) 425x900x900<\/div>\n<\/div>\n<div class=\"aciklama\">\n<div class=\"sekme1\">Gross (kg) 80<\/div>\n<\/div>\n<div class=\"aciklama\">\n<div class=\"sekme1\">Gross (m\u00b3) 0,51<\/div>\n<\/div>\n<div class=\"aciklama\">\n<div class=\"sekme1\">Total Power (W) 7500<\/div>\n<\/div>\n<div class=\"aciklama\">\n<div class=\"sekme1\">EAN No 8699234449666<\/div>\n<\/div>\n<div class=\"aciklama\">\n<div class=\"sekme1\">Gaz T\u00fcketimi (Do\u011fal Gaz) 1,56 m\u00b3\/h<\/div>\n<\/div>\n<div class=\"aciklama\">\n<div class=\"sekme1\">Gaz T\u00fcketimi (LPG) 1.18 kg\/h<\/div>\n<\/div>\n<div class=\"aciklama\">\n<div class=\"sekme1\">Gaz Giri\u015fi \u00c7ap\u0131 1\/2&#8243;<\/div>\n<\/div>\n","protected":false},"excerpt":{"rendered":"<p>Gas \u2022 LavastoneBody, panelling made of stainless steel.Operable with LP or natural gas.Controlled by thermostat.Burner with ignition, pilot, thermocouple andthermostat.If the flame goes out, gas are cutted off.Removable fat container.Gas devices are preset to natural gas(G20). Liquid gas nozzlesare enclosed (G30).GGL911 EAN 8699234449666 &nbsp; Dimension (mm) 425x900x900 Gross (kg) 80 Gross (m\u00b3) 0,51 Total Power<\/p>\n","protected":false},"featured_media":2827,"comment_status":"closed","ping_status":"closed","template":"","meta":[],"product_brand":[],"product_cat":[631],"product_tag":[],"class_list":{"0":"post-2825","1":"product","2":"type-product","3":"status-publish","4":"has-post-thumbnail","6":"product_cat-lav-char-grill","8":"first","9":"instock","10":"taxable","11":"shipping-taxable","12":"purchasable","13":"product-type-simple","14":"prodpage-style2"},"_links":{"self":[{"href":"https:\/\/hitmutfak.com\/en\/wp-json\/wp\/v2\/product\/2825","targetHints":{"allow":["GET"]}}],"collection":[{"href":"https:\/\/hitmutfak.com\/en\/wp-json\/wp\/v2\/product"}],"about":[{"href":"https:\/\/hitmutfak.com\/en\/wp-json\/wp\/v2\/types\/product"}],"replies":[{"embeddable":true,"href":"https:\/\/hitmutfak.com\/en\/wp-json\/wp\/v2\/comments?post=2825"}],"wp:featuredmedia":[{"embeddable":true,"href":"https:\/\/hitmutfak.com\/en\/wp-json\/wp\/v2\/media\/2827"}],"wp:attachment":[{"href":"https:\/\/hitmutfak.com\/en\/wp-json\/wp\/v2\/media?parent=2825"}],"wp:term":[{"taxonomy":"product_brand","embeddable":true,"href":"https:\/\/hitmutfak.com\/en\/wp-json\/wp\/v2\/product_brand?post=2825"},{"taxonomy":"product_cat","embeddable":true,"href":"https:\/\/hitmutfak.com\/en\/wp-json\/wp\/v2\/product_cat?post=2825"},{"taxonomy":"product_tag","embeddable":true,"href":"https:\/\/hitmutfak.com\/en\/wp-json\/wp\/v2\/product_tag?post=2825"}],"curies":[{"name":"wp","href":"https:\/\/api.w.org\/{rel}","templated":true}]}}