{"id":2823,"date":"2020-10-04T18:12:36","date_gmt":"2020-10-04T15:12:37","guid":{"rendered":"http:\/\/hitmutfak.nevsite.com\/?post_type=product&#038;p=2823"},"modified":"2020-10-04T18:13:58","modified_gmt":"2020-10-04T15:13:58","slug":"gg921sg-grill","status":"publish","type":"product","link":"https:\/\/hitmutfak.com\/en\/product\/gg921sg-grill\/","title":{"rendered":"GG921SG # GR\u0130LL"},"content":{"rendered":"<p><strong>Gas \u2022 1\/2 Smooth, 1\/2 Grooved Surface<\/strong><br \/>Body, panelling made of stainless steel.<br \/>Operable with LP or natural gas.<br \/>Controlled by thermostat.<br \/>Burner with ignition, pilot, thermocouple<br \/>and thermostat. If the flame goes out,<br \/>gas are cutted off.<br \/>Removable fat container.<br \/>Gas devices are preset to<br \/>natural gas (G20). Liquid gas nozzles<br \/>are enclosed (G30).<br \/>Plate Thickness 15 mm<br \/>EAN 8699234410642<\/p>\n<p># Chrome coated<\/p>\n<p>&nbsp;<\/p>\n<div class=\"aciklama\">\n<div class=\"sekme1\">Dimension (mm) 850x900x900<\/div>\n<\/div>\n<div class=\"aciklama\">\n<div class=\"sekme1\">Gross (kg) 145<\/div>\n<\/div>\n<div class=\"aciklama\">\n<div class=\"sekme1\">Gross (m\u00b3) 0,97<\/div>\n<\/div>\n<div class=\"aciklama\">\n<div class=\"sekme1\">Total Power (W) 2&#215;7500<\/div>\n<\/div>\n<div class=\"aciklama\">\n<div class=\"sekme1\">Energy Gaz<\/div>\n<\/div>\n<div class=\"aciklama\">\n<div class=\"sekme1\">EAN No 8699234457456<\/div>\n<\/div>\n<div class=\"aciklama\">\n<div class=\"sekme1\">Gaz T\u00fcketimi (Do\u011fal Gaz) 1,56 m\u00b3\/h<\/div>\n<\/div>\n<div class=\"aciklama\">\n<div class=\"sekme1\">Gaz Giri\u015fi \u00c7ap\u0131 1\/2\u201d<\/div>\n<\/div>\n<div class=\"aciklama\">\n<div class=\"sekme1\">Krom Kaplama Kal\u0131nl\u0131\u011f\u0131<\/div>\n<\/div>\n<div class=\"aciklama\">\n<div class=\"sekme1\">Gaz T\u00fcketimi (LPG) 1,18 kg\/h<\/div>\n<\/div>\n<div class=\"aciklama\">\n<div class=\"sekme1\">Pleyt Kal\u0131nl\u0131\u011f\u0131 15 mm<\/div>\n<\/div>\n","protected":false},"excerpt":{"rendered":"<p>Gas \u2022 1\/2 Smooth, 1\/2 Grooved SurfaceBody, panelling made of stainless steel.Operable with LP or natural gas.Controlled by thermostat.Burner with ignition, pilot, thermocoupleand thermostat. If the flame goes out,gas are cutted off.Removable fat container.Gas devices are preset tonatural gas (G20). Liquid gas nozzlesare enclosed (G30).Plate Thickness 15 mmEAN 8699234410642 # Chrome coated &nbsp; Dimension (mm)<\/p>\n","protected":false},"featured_media":2821,"comment_status":"closed","ping_status":"closed","template":"","meta":[],"product_brand":[],"product_cat":[538],"product_tag":[559],"class_list":{"0":"post-2823","1":"product","2":"type-product","3":"status-publish","4":"has-post-thumbnail","6":"product_cat-cookers","7":"product_tag-grill","9":"first","10":"instock","11":"taxable","12":"shipping-taxable","13":"purchasable","14":"product-type-simple","15":"prodpage-style2"},"_links":{"self":[{"href":"https:\/\/hitmutfak.com\/en\/wp-json\/wp\/v2\/product\/2823","targetHints":{"allow":["GET"]}}],"collection":[{"href":"https:\/\/hitmutfak.com\/en\/wp-json\/wp\/v2\/product"}],"about":[{"href":"https:\/\/hitmutfak.com\/en\/wp-json\/wp\/v2\/types\/product"}],"replies":[{"embeddable":true,"href":"https:\/\/hitmutfak.com\/en\/wp-json\/wp\/v2\/comments?post=2823"}],"wp:featuredmedia":[{"embeddable":true,"href":"https:\/\/hitmutfak.com\/en\/wp-json\/wp\/v2\/media\/2821"}],"wp:attachment":[{"href":"https:\/\/hitmutfak.com\/en\/wp-json\/wp\/v2\/media?parent=2823"}],"wp:term":[{"taxonomy":"product_brand","embeddable":true,"href":"https:\/\/hitmutfak.com\/en\/wp-json\/wp\/v2\/product_brand?post=2823"},{"taxonomy":"product_cat","embeddable":true,"href":"https:\/\/hitmutfak.com\/en\/wp-json\/wp\/v2\/product_cat?post=2823"},{"taxonomy":"product_tag","embeddable":true,"href":"https:\/\/hitmutfak.com\/en\/wp-json\/wp\/v2\/product_tag?post=2823"}],"curies":[{"name":"wp","href":"https:\/\/api.w.org\/{rel}","templated":true}]}}