{"id":2696,"date":"2020-10-03T00:21:42","date_gmt":"2020-10-02T21:21:42","guid":{"rendered":"http:\/\/hitmutfak.nevsite.com\/?post_type=product&#038;p=2696"},"modified":"2020-10-03T00:24:38","modified_gmt":"2020-10-02T21:24:38","slug":"eg721-s-grill-2","status":"publish","type":"product","link":"https:\/\/hitmutfak.com\/en\/product\/eg721-s-grill-2\/","title":{"rendered":"EG721-S* GRILL"},"content":{"rendered":"<p><strong>Electric \u2022 1\/2 Smooth, 1\/2 Grooved Surface<\/strong><br \/>Body supporting frame, panelling and<br \/>heating elements made of stainless steel<br \/>Controlled by thermostat.<br \/>Controlled by safety thermostat<br \/>against overheating.<br \/>Removable fat container.<br \/>Plate Thickness 15 mm<br \/>EAN 8699234451379<\/p>\n<p>&nbsp;<\/p>\n<p># Chrome coated<\/p>\n<div class=\"aciklama\">\n<div class=\"sekme1\">\n<div class=\"aciklama\">\n<div class=\"sekme1\">Dimension (mm) 800x700x290<\/div>\n<\/div>\n<div class=\"aciklama\">\n<div class=\"sekme1\">Pleyt Kal\u0131nl\u0131\u011f\u0131 15 mm<\/div>\n<\/div>\n<div class=\"aciklama\">\n<div class=\"sekme1\">Gross (kg) 79<\/div>\n<\/div>\n<div class=\"aciklama\">\n<div class=\"sekme1\">Gross (m\u00b3) 0,35<\/div>\n<\/div>\n<div class=\"aciklama\">\n<div class=\"sekme1\">Total Power (W) 8100<\/div>\n<\/div>\n<div class=\"aciklama\">\n<div class=\"sekme1\">Energy 380\/400 V, 3~, 50\/60 Hz<\/div>\n<\/div>\n<div class=\"aciklama\">\n<div class=\"sekme1\">EAN No 8699234457425<\/div>\n<\/div>\n<div class=\"aciklama\">\n<div class=\"sekme1\">Krom Kaplama Kal\u0131nl\u0131\u011f\u0131<\/div>\n<\/div>\n<\/div>\n<\/div>\n","protected":false},"excerpt":{"rendered":"<p>Electric \u2022 1\/2 Smooth, 1\/2 Grooved SurfaceBody supporting frame, panelling andheating elements made of stainless steelControlled by thermostat.Controlled by safety thermostatagainst overheating.Removable fat container.Plate Thickness 15 mmEAN 8699234451379 &nbsp; # Chrome coated Dimension (mm) 800x700x290 Pleyt Kal\u0131nl\u0131\u011f\u0131 15 mm Gross (kg) 79 Gross (m\u00b3) 0,35 Total Power (W) 8100 Energy 380\/400 V, 3~, 50\/60 Hz<\/p>\n","protected":false},"featured_media":2692,"comment_status":"closed","ping_status":"closed","template":"","meta":[],"product_brand":[],"product_cat":[596,1070],"product_tag":[559],"class_list":{"0":"post-2696","1":"product","2":"type-product","3":"status-publish","4":"has-post-thumbnail","6":"product_cat-fry-top-en","7":"product_cat-arisco","8":"product_tag-grill","10":"first","11":"instock","12":"taxable","13":"shipping-taxable","14":"purchasable","15":"product-type-simple","16":"prodpage-style2"},"_links":{"self":[{"href":"https:\/\/hitmutfak.com\/en\/wp-json\/wp\/v2\/product\/2696","targetHints":{"allow":["GET"]}}],"collection":[{"href":"https:\/\/hitmutfak.com\/en\/wp-json\/wp\/v2\/product"}],"about":[{"href":"https:\/\/hitmutfak.com\/en\/wp-json\/wp\/v2\/types\/product"}],"replies":[{"embeddable":true,"href":"https:\/\/hitmutfak.com\/en\/wp-json\/wp\/v2\/comments?post=2696"}],"wp:featuredmedia":[{"embeddable":true,"href":"https:\/\/hitmutfak.com\/en\/wp-json\/wp\/v2\/media\/2692"}],"wp:attachment":[{"href":"https:\/\/hitmutfak.com\/en\/wp-json\/wp\/v2\/media?parent=2696"}],"wp:term":[{"taxonomy":"product_brand","embeddable":true,"href":"https:\/\/hitmutfak.com\/en\/wp-json\/wp\/v2\/product_brand?post=2696"},{"taxonomy":"product_cat","embeddable":true,"href":"https:\/\/hitmutfak.com\/en\/wp-json\/wp\/v2\/product_cat?post=2696"},{"taxonomy":"product_tag","embeddable":true,"href":"https:\/\/hitmutfak.com\/en\/wp-json\/wp\/v2\/product_tag?post=2696"}],"curies":[{"name":"wp","href":"https:\/\/api.w.org\/{rel}","templated":true}]}}