{"id":2688,"date":"2020-10-03T00:05:43","date_gmt":"2020-10-02T21:05:44","guid":{"rendered":"http:\/\/hitmutfak.nevsite.com\/?post_type=product&#038;p=2688"},"modified":"2020-10-03T00:25:59","modified_gmt":"2020-10-02T21:25:59","slug":"eg721-s-grill-3","status":"publish","type":"product","link":"https:\/\/hitmutfak.com\/en\/product\/eg721-s-grill-3\/","title":{"rendered":"EG721-S # GRILL"},"content":{"rendered":"<p><strong>Electric \u2022 Smooth Surface<\/strong><br \/>Body supporting frame, panelling and<br \/>heating elements made of stainless steel<br \/>Controlled by thermostat.<br \/>Controlled by safety thermostat<br \/>against overheating.<br \/>Removable fat container.<br \/>Plate Thickness 15 mm<br \/>EAN 8699234451362<\/p>\n<p># Chrome coated<\/p>\n<p>&nbsp;<\/p>\n<div class=\"aciklama\">\n<div class=\"sekme1\">Dimension (mm)800x700x290<\/div>\n<\/div>\n<div class=\"aciklama\">\n<div class=\"sekme1\">Pleyt Kal\u0131nl\u0131\u011f\u0131 15 mm<\/div>\n<\/div>\n<div class=\"aciklama\">\n<div class=\"sekme1\">Gross (kg) 79<\/div>\n<\/div>\n<div class=\"aciklama\">\n<div class=\"sekme1\">Gross (m\u00b3) 0,35<\/div>\n<\/div>\n<div class=\"aciklama\">\n<div class=\"sekme1\">Total Power (W) 8100<\/div>\n<\/div>\n<div class=\"aciklama\">\n<div class=\"sekme1\">Energy 380\/400 V, 3~, 50\/60 Hz<\/div>\n<\/div>\n<div class=\"aciklama\">\n<div class=\"sekme1\">EAN No 8699234457418<\/div>\n<div class=\"sekme\">Krom Kaplama Kal\u0131nl\u0131\u011f\u0131<\/div>\n<\/div>\n","protected":false},"excerpt":{"rendered":"<p>Electric \u2022 Smooth SurfaceBody supporting frame, panelling andheating elements made of stainless steelControlled by thermostat.Controlled by safety thermostatagainst overheating.Removable fat container.Plate Thickness 15 mmEAN 8699234451362 # Chrome coated &nbsp; Dimension (mm)800x700x290 Pleyt Kal\u0131nl\u0131\u011f\u0131 15 mm Gross (kg) 79 Gross (m\u00b3) 0,35 Total Power (W) 8100 Energy 380\/400 V, 3~, 50\/60 Hz EAN No 8699234457418 Krom<\/p>\n","protected":false},"featured_media":2686,"comment_status":"closed","ping_status":"closed","template":"","meta":[],"product_brand":[],"product_cat":[596],"product_tag":[559],"class_list":{"0":"post-2688","1":"product","2":"type-product","3":"status-publish","4":"has-post-thumbnail","6":"product_cat-fry-top-en","7":"product_tag-grill","9":"first","10":"instock","11":"taxable","12":"shipping-taxable","13":"purchasable","14":"product-type-simple","15":"prodpage-style2"},"_links":{"self":[{"href":"https:\/\/hitmutfak.com\/en\/wp-json\/wp\/v2\/product\/2688","targetHints":{"allow":["GET"]}}],"collection":[{"href":"https:\/\/hitmutfak.com\/en\/wp-json\/wp\/v2\/product"}],"about":[{"href":"https:\/\/hitmutfak.com\/en\/wp-json\/wp\/v2\/types\/product"}],"replies":[{"embeddable":true,"href":"https:\/\/hitmutfak.com\/en\/wp-json\/wp\/v2\/comments?post=2688"}],"wp:featuredmedia":[{"embeddable":true,"href":"https:\/\/hitmutfak.com\/en\/wp-json\/wp\/v2\/media\/2686"}],"wp:attachment":[{"href":"https:\/\/hitmutfak.com\/en\/wp-json\/wp\/v2\/media?parent=2688"}],"wp:term":[{"taxonomy":"product_brand","embeddable":true,"href":"https:\/\/hitmutfak.com\/en\/wp-json\/wp\/v2\/product_brand?post=2688"},{"taxonomy":"product_cat","embeddable":true,"href":"https:\/\/hitmutfak.com\/en\/wp-json\/wp\/v2\/product_cat?post=2688"},{"taxonomy":"product_tag","embeddable":true,"href":"https:\/\/hitmutfak.com\/en\/wp-json\/wp\/v2\/product_tag?post=2688"}],"curies":[{"name":"wp","href":"https:\/\/api.w.org\/{rel}","templated":true}]}}