{"id":2596,"date":"2020-10-01T00:46:51","date_gmt":"2020-09-30T21:46:52","guid":{"rendered":"http:\/\/hitmutfak.nevsite.com\/?post_type=product&#038;p=2596"},"modified":"2020-10-01T00:48:29","modified_gmt":"2020-09-30T21:48:29","slug":"gg721sg-s-fry-top-2","status":"publish","type":"product","link":"https:\/\/hitmutfak.com\/en\/product\/gg721sg-s-fry-top-2\/","title":{"rendered":"GG721SG-S # FRY TOP"},"content":{"rendered":"<div><strong>Gas \u2022 1\/2 Smooth, 1\/2 Grooved surface<\/strong><br \/>Body, panelling made of stainless steel.<br \/>Operable with LP or natural gas.<br \/>Controlled by thermostat.<br \/>Burner with ignition, pilot, thermocouple and<br \/>thermostat.<br \/>If the flame goes out, gas are cutted off.<br \/>Removable fat container.<br \/>Gas devices are preset to natural gas<br \/>(G20). Liquid gas nozzles<br \/>are enclosed (G30).<br \/>Plate Thickness 15 mm<br \/>EAN 8699234451249<\/div>\n<div># Chrome coated<\/div>\n<div>\u00a0<\/div>\n<div class=\"aciklama\">\n<div class=\"sekme1\">\n<div class=\"aciklama\">\n<div class=\"sekme1\">\n<div class=\"aciklama\">\n<div class=\"sekme1\">\n<div class=\"aciklama\">\n<div class=\"sekme1\">\n<div class=\"aciklama\">\n<div class=\"sekme1\">\n<div class=\"aciklama\">\n<div class=\"sekme1\">\n<div class=\"aciklama\">\n<div class=\"sekme1\">\n<div class=\"aciklama\">\n<div class=\"sekme1\">\n<div class=\"aciklama\">\n<div class=\"sekme1\">\n<div class=\"aciklama\">\n<div class=\"sekme1\">\n<div class=\"aciklama\">\n<div class=\"sekme1\">\n<div class=\"aciklama\">\n<div class=\"sekme1\">\n<div class=\"aciklama\">\n<div class=\"sekme1\">\n<div class=\"aciklama\">\n<div class=\"sekme1\">\n<div class=\"aciklama\">\n<div class=\"sekme1\">\n<div class=\"aciklama\">\n<div class=\"sekme1\">\n<div class=\"aciklama\">\n<div class=\"sekme1\">\n<div class=\"aciklama\">\n<div class=\"sekme1\">\n<div class=\"aciklama\">\n<div class=\"sekme1\">\n<div class=\"aciklama\">\n<div class=\"sekme1\">\n<div class=\"aciklama\">\n<div class=\"sekme1\">\n<div class=\"aciklama\">\n<div class=\"sekme1\">\n<div class=\"aciklama\">\n<div class=\"sekme1\">\n<div class=\"aciklama\">\n<div class=\"sekme1\">\n<div class=\"urundetayaciklama col-12\">\n<div class=\"sag col-6 col-t-12\">\n<div class=\"esitle\">\n<div class=\"aciklama\">\n<div class=\"sekme1\">\n<div class=\"aciklama\">\n<div class=\"sekme1\">\n<div class=\"aciklama\">\n<div class=\"sekme1\">\n<div class=\"urundetayaciklama col-12\">\n<div class=\"sag col-6 col-t-12\">\n<div class=\"esitle\">\n<div class=\"aciklama\">\n<div class=\"sekme1\">\n<div class=\"aciklama\">\n<div class=\"sekme1\">\n<div class=\"aciklama\">\n<div class=\"sekme1\">\n<div class=\"aciklama\">\n<div class=\"sekme1\">\n<div class=\"aciklama\">\n<div class=\"sekme1\">\n<div class=\"aciklama\">\n<div class=\"sekme1\">\n<div class=\"aciklama\">\n<div class=\"sekme1\">\n<div class=\"aciklama\">\n<div class=\"sekme1\">\n<div class=\"aciklama\">\n<div class=\"sekme1\">\n<div class=\"aciklama\">\n<div class=\"sekme1\">\n<div class=\"aciklama\">\n<div class=\"sekme1\">\n<div class=\"aciklama\">\n<div class=\"sekme1\">\n<div class=\"aciklama\">\n<div class=\"sekme1\">\n<div class=\"aciklama\">\n<div class=\"sekme1\">\n<div class=\"aciklama\">\n<div class=\"sekme1\">\n<div class=\"urundetayaciklama col-12\">\n<div class=\"sag col-6 col-t-12\">\n<div class=\"esitle\">\n<div class=\"aciklama\">\n<div class=\"sekme1\">\n<div class=\"aciklama\">\n<div class=\"sekme1\">\n<div class=\"aciklama\">\n<div class=\"sekme1\">\n<div class=\"aciklama\">\n<div class=\"sekme1\">\n<div class=\"aciklama\">\n<div class=\"sekme1\">\n<div class=\"aciklama\">\n<div class=\"sekme1\">\n<div class=\"aciklama\">\n<div class=\"sekme1\">\n<div class=\"aciklama\">\n<div class=\"sekme1\">\n<div class=\"aciklama\">\n<div class=\"sekme1\">\n<div class=\"aciklama\">\n<div class=\"sekme1\">\n<div class=\"aciklama\">\n<div class=\"sekme1\">\n<div class=\"aciklama\">\n<div class=\"sekme1\">\n<div class=\"aciklama\">\n<div class=\"sekme1\">\n<div class=\"aciklama\">\n<div class=\"sekme1\">\n<div class=\"aciklama\">\n<div class=\"sekme1\">\n<div class=\"aciklama\">\n<div class=\"sekme1\">\n<div class=\"aciklama\">\n<div class=\"sekme1\">\n<div class=\"aciklama\">\n<div class=\"sekme1\">\n<div class=\"aciklama\">\n<div class=\"sekme1\">\n<div class=\"aciklama\">\n<div class=\"sekme1\">\n<div class=\"aciklama\">\n<div class=\"sekme1\">\n<div class=\"aciklama\">\n<div class=\"sekme1\">\n<div class=\"aciklama\">\n<div class=\"sekme1\">\n<div class=\"aciklama\">\n<div class=\"sekme1\">\n<div class=\"aciklama\">\n<div class=\"sekme1\">\n<div class=\"aciklama\">\n<div class=\"sekme1\">\n<div class=\"aciklama\">\n<div class=\"sekme1\">\n<div class=\"aciklama\">\n<div class=\"sekme1\">\n<div class=\"aciklama\">\n<div class=\"sekme1\">\n<div class=\"aciklama\">\n<div class=\"sekme1\">\n<div class=\"aciklama\">\n<div class=\"sekme1\">Dimension (mm) 800x700x290<\/div>\n<\/div>\n<div class=\"aciklama\">\n<div class=\"sekme1\">Gross (kg) 91<\/div>\n<\/div>\n<div class=\"aciklama\">\n<div class=\"sekme1\">Gross (m\u00b3) 0,35<\/div>\n<\/div>\n<div class=\"aciklama\">\n<div class=\"sekme1\">Total Power (W) 2&#215;6000<\/div>\n<\/div>\n<div class=\"aciklama\">\n<div class=\"sekme1\">Energy Gaz<\/div>\n<\/div>\n<div class=\"aciklama\">\n<div class=\"sekme1\">EAN No 8699234457395<\/div>\n<\/div>\n<div class=\"aciklama\">\n<div class=\"sekme1\">Gaz T\u00fcketimi (NG) 1,25 m\u00b3\/h<\/div>\n<\/div>\n<div class=\"aciklama\">\n<div class=\"sekme1\">Gaz T\u00fcketimi (LPG) 0,94 kg\/h<\/div>\n<\/div>\n<div class=\"aciklama\">\n<div class=\"sekme1\">Gaz Giri\u015fi \u00c7ap\u0131 1\/2\u201d<\/div>\n<\/div>\n<\/div>\n<\/div>\n<\/div>\n<\/div>\n<\/div>\n<\/div>\n<\/div>\n<\/div>\n<\/div>\n<\/div>\n<\/div>\n<\/div>\n<\/div>\n<\/div>\n<\/div>\n<\/div>\n<\/div>\n<\/div>\n<\/div>\n<\/div>\n<\/div>\n<\/div>\n<\/div>\n<\/div>\n<\/div>\n<\/div>\n<\/div>\n<\/div>\n<\/div>\n<\/div>\n<\/div>\n<\/div>\n<\/div>\n<\/div>\n<\/div>\n<\/div>\n<\/div>\n<\/div>\n<\/div>\n<\/div>\n<\/div>\n<\/div>\n<\/div>\n<\/div>\n<\/div>\n<\/div>\n<\/div>\n<\/div>\n<\/div>\n<\/div>\n<\/div>\n<\/div>\n<\/div>\n<\/div>\n<\/div>\n<\/div>\n<\/div>\n<\/div>\n<\/div>\n<\/div>\n<\/div>\n<\/div>\n<\/div>\n<\/div>\n<\/div>\n<\/div>\n<\/div>\n<\/div>\n<\/div>\n<\/div>\n<\/div>\n<\/div>\n<\/div>\n<\/div>\n<\/div>\n<\/div>\n<\/div>\n<\/div>\n<\/div>\n<\/div>\n<\/div>\n<\/div>\n<\/div>\n<\/div>\n<\/div>\n<\/div>\n<\/div>\n<\/div>\n<\/div>\n<\/div>\n<\/div>\n<\/div>\n<\/div>\n<\/div>\n<\/div>\n<\/div>\n<\/div>\n<\/div>\n<\/div>\n<\/div>\n<\/div>\n<\/div>\n<\/div>\n<\/div>\n<\/div>\n<\/div>\n<\/div>\n<\/div>\n<\/div>\n<\/div>\n<\/div>\n<\/div>\n<\/div>\n<\/div>\n<\/div>\n<\/div>\n<\/div>\n<\/div>\n<\/div>\n<\/div>\n<\/div>\n<\/div>\n<\/div>\n<\/div>\n<\/div>\n<\/div>\n<\/div>\n<\/div>\n<\/div>\n<\/div>\n<\/div>\n<\/div>\n<\/div>\n<\/div>\n<\/div>\n<\/div>\n<\/div>\n<\/div>\n<\/div>\n<\/div>\n<\/div>\n<\/div>\n<\/div>\n<\/div>\n<\/div>\n<\/div>\n<\/div>\n<\/div>\n<\/div>\n<\/div>\n<\/div>\n<\/div>\n<\/div>\n","protected":false},"excerpt":{"rendered":"<p>Gas \u2022 1\/2 Smooth, 1\/2 Grooved surfaceBody, panelling made of stainless steel.Operable with LP or natural gas.Controlled by thermostat.Burner with ignition, pilot, thermocouple andthermostat.If the flame goes out, gas are cutted off.Removable fat container.Gas devices are preset to natural gas(G20). Liquid gas nozzlesare enclosed (G30).Plate Thickness 15 mmEAN 8699234451249 # Chrome coated \u00a0 Dimension (mm)<\/p>\n","protected":false},"featured_media":2594,"comment_status":"closed","ping_status":"closed","template":"","meta":[],"product_brand":[],"product_cat":[596],"product_tag":[559],"class_list":{"0":"post-2596","1":"product","2":"type-product","3":"status-publish","4":"has-post-thumbnail","6":"product_cat-fry-top-en","7":"product_tag-grill","9":"first","10":"instock","11":"taxable","12":"shipping-taxable","13":"purchasable","14":"product-type-simple","15":"prodpage-style2"},"_links":{"self":[{"href":"https:\/\/hitmutfak.com\/en\/wp-json\/wp\/v2\/product\/2596","targetHints":{"allow":["GET"]}}],"collection":[{"href":"https:\/\/hitmutfak.com\/en\/wp-json\/wp\/v2\/product"}],"about":[{"href":"https:\/\/hitmutfak.com\/en\/wp-json\/wp\/v2\/types\/product"}],"replies":[{"embeddable":true,"href":"https:\/\/hitmutfak.com\/en\/wp-json\/wp\/v2\/comments?post=2596"}],"wp:featuredmedia":[{"embeddable":true,"href":"https:\/\/hitmutfak.com\/en\/wp-json\/wp\/v2\/media\/2594"}],"wp:attachment":[{"href":"https:\/\/hitmutfak.com\/en\/wp-json\/wp\/v2\/media?parent=2596"}],"wp:term":[{"taxonomy":"product_brand","embeddable":true,"href":"https:\/\/hitmutfak.com\/en\/wp-json\/wp\/v2\/product_brand?post=2596"},{"taxonomy":"product_cat","embeddable":true,"href":"https:\/\/hitmutfak.com\/en\/wp-json\/wp\/v2\/product_cat?post=2596"},{"taxonomy":"product_tag","embeddable":true,"href":"https:\/\/hitmutfak.com\/en\/wp-json\/wp\/v2\/product_tag?post=2596"}],"curies":[{"name":"wp","href":"https:\/\/api.w.org\/{rel}","templated":true}]}}