{"id":2586,"date":"2020-10-01T00:25:21","date_gmt":"2020-09-30T21:25:21","guid":{"rendered":"http:\/\/hitmutfak.nevsite.com\/?post_type=product&#038;p=2586"},"modified":"2020-10-01T00:26:41","modified_gmt":"2020-09-30T21:26:41","slug":"gg711-s-gas-wok-cooker-2","status":"publish","type":"product","link":"https:\/\/hitmutfak.com\/en\/product\/gg711-s-gas-wok-cooker-2\/","title":{"rendered":"GG711-S # GAS WOK COOKER"},"content":{"rendered":"<div><strong>Gas \u2022 Smooth surface<\/strong><br \/>Body, panelling made of stainless steel.<br \/>Operable with LP or natural gas.<br \/>Controlled by thermostat.<br \/>Burner with ignition, pilot, thermocouple<br \/>and thermostat.<br \/>If the flame goes out, gas are cutted off.<br \/>Removable fat container.<br \/>Gas devices are preset to natural gas<br \/>(G20). Liquid gas nozzles<br \/>are enclosed (G30).<br \/>Plate Thickness 15 mm<br \/>EAN 8699234451218<\/div>\n<div>\u00a0<\/div>\n<div class=\"aciklama\">\n<div class=\"sekme1\">\n<div class=\"aciklama\">\n<div class=\"sekme1\">\n<div class=\"aciklama\">\n<div class=\"sekme1\">\n<div class=\"aciklama\">\n<div class=\"sekme1\">\n<div class=\"aciklama\">\n<div class=\"sekme1\">\n<div class=\"aciklama\">\n<div class=\"sekme1\">\n<div class=\"aciklama\">\n<div class=\"sekme1\">\n<div class=\"aciklama\">\n<div class=\"sekme1\">\n<div class=\"aciklama\">\n<div class=\"sekme1\">\n<div class=\"aciklama\">\n<div class=\"sekme1\">\n<div class=\"aciklama\">\n<div class=\"sekme1\">\n<div class=\"aciklama\">\n<div class=\"sekme1\">\n<div class=\"aciklama\">\n<div class=\"sekme1\">\n<div class=\"aciklama\">\n<div class=\"sekme1\">\n<div class=\"aciklama\">\n<div class=\"sekme1\">\n<div class=\"aciklama\">\n<div class=\"sekme1\">\n<div class=\"aciklama\">\n<div class=\"sekme1\">\n<div class=\"aciklama\">\n<div class=\"sekme1\">\n<div class=\"aciklama\">\n<div class=\"sekme1\">\n<div class=\"aciklama\">\n<div class=\"sekme1\">\n<div class=\"aciklama\">\n<div class=\"sekme1\">\n<div class=\"aciklama\">\n<div class=\"sekme1\">\n<div class=\"aciklama\">\n<div class=\"sekme1\">\n<div class=\"aciklama\">\n<div class=\"sekme1\">\n<div class=\"urundetayaciklama col-12\">\n<div class=\"sag col-6 col-t-12\">\n<div class=\"esitle\">\n<div class=\"aciklama\">\n<div class=\"sekme1\">\n<div class=\"aciklama\">\n<div class=\"sekme1\">\n<div class=\"aciklama\">\n<div class=\"sekme1\">\n<div class=\"urundetayaciklama col-12\">\n<div class=\"sag col-6 col-t-12\">\n<div class=\"esitle\">\n<div class=\"aciklama\">\n<div class=\"sekme1\">\n<div class=\"aciklama\">\n<div class=\"sekme1\">\n<div class=\"aciklama\">\n<div class=\"sekme1\">\n<div class=\"aciklama\">\n<div class=\"sekme1\">\n<div class=\"aciklama\">\n<div class=\"sekme1\">\n<div class=\"aciklama\">\n<div class=\"sekme1\">\n<div class=\"aciklama\">\n<div class=\"sekme1\">\n<div class=\"aciklama\">\n<div class=\"sekme1\">\n<div class=\"aciklama\">\n<div class=\"sekme1\">\n<div class=\"aciklama\">\n<div class=\"sekme1\">\n<div class=\"aciklama\">\n<div class=\"sekme1\">\n<div class=\"aciklama\">\n<div class=\"sekme1\">\n<div class=\"aciklama\">\n<div class=\"sekme1\">\n<div class=\"aciklama\">\n<div class=\"sekme1\">\n<div class=\"aciklama\">\n<div class=\"sekme1\">\n<div class=\"urundetayaciklama col-12\">\n<div class=\"sag col-6 col-t-12\">\n<div class=\"esitle\">\n<div class=\"aciklama\">\n<div class=\"sekme1\">\n<div class=\"aciklama\">\n<div class=\"sekme1\">\n<div class=\"aciklama\">\n<div class=\"sekme1\">\n<div class=\"aciklama\">\n<div class=\"sekme1\">\n<div class=\"aciklama\">\n<div class=\"sekme1\">\n<div class=\"aciklama\">\n<div class=\"sekme1\">\n<div class=\"aciklama\">\n<div class=\"sekme1\">\n<div class=\"aciklama\">\n<div class=\"sekme1\">\n<div class=\"aciklama\">\n<div class=\"sekme1\">\n<div class=\"aciklama\">\n<div class=\"sekme1\">\n<div class=\"aciklama\">\n<div class=\"sekme1\">\n<div class=\"aciklama\">\n<div class=\"sekme1\">\n<div class=\"aciklama\">\n<div class=\"sekme1\">\n<div class=\"aciklama\">\n<div class=\"sekme1\">\n<div class=\"aciklama\">\n<div class=\"sekme1\">\n<div class=\"aciklama\">\n<div class=\"sekme1\">\n<div class=\"aciklama\">\n<div class=\"sekme1\">\n<div class=\"aciklama\">\n<div class=\"sekme1\">\n<div class=\"aciklama\">\n<div class=\"sekme1\">\n<div class=\"aciklama\">\n<div class=\"sekme1\">\n<div class=\"aciklama\">\n<div class=\"sekme1\">\n<div class=\"aciklama\">\n<div class=\"sekme1\">\n<div class=\"aciklama\">\n<div class=\"sekme1\">\n<div class=\"aciklama\">\n<div class=\"sekme1\">\n<div class=\"aciklama\">\n<div class=\"sekme1\">\n<div class=\"aciklama\">\n<div class=\"sekme1\">\n<div class=\"aciklama\">\n<div class=\"sekme1\">\n<div class=\"aciklama\">\n<div class=\"sekme1\">\n<div class=\"aciklama\">\n<div class=\"sekme1\">Dimension (mm) 400x700x290<\/div>\n<\/div>\n<div class=\"aciklama\">\n<div class=\"sekme1\">Gross (kg) 60<\/div>\n<\/div>\n<div class=\"aciklama\">\n<div class=\"sekme1\">Gross (m\u00b3) 0,18<\/div>\n<\/div>\n<div class=\"aciklama\">\n<div class=\"sekme1\">Total Power (W) 6000<\/div>\n<\/div>\n<div class=\"aciklama\">\n<div class=\"sekme1\">Energy Gaz<\/div>\n<\/div>\n<div class=\"aciklama\">\n<div class=\"sekme1\">EAN No 8699234457371<\/div>\n<\/div>\n<div class=\"aciklama\">\n<div class=\"sekme1\">Gaz T\u00fcketimi (NG) 0,63 m\u00b3\/h<\/div>\n<\/div>\n<div class=\"aciklama\">\n<div class=\"sekme1\">Gaz T\u00fcketimi (LPG) 0,47 kg\/h<\/div>\n<\/div>\n<div class=\"aciklama\">\n<div class=\"sekme1\">Gaz Giri\u015fi \u00c7ap\u0131 1\/2\u201d<\/div>\n<\/div>\n<\/div>\n<\/div>\n<\/div>\n<\/div>\n<\/div>\n<\/div>\n<\/div>\n<\/div>\n<\/div>\n<\/div>\n<\/div>\n<\/div>\n<\/div>\n<\/div>\n<\/div>\n<\/div>\n<\/div>\n<\/div>\n<\/div>\n<\/div>\n<\/div>\n<\/div>\n<\/div>\n<\/div>\n<\/div>\n<\/div>\n<\/div>\n<\/div>\n<\/div>\n<\/div>\n<\/div>\n<\/div>\n<\/div>\n<\/div>\n<\/div>\n<\/div>\n<\/div>\n<\/div>\n<\/div>\n<\/div>\n<\/div>\n<\/div>\n<\/div>\n<\/div>\n<\/div>\n<\/div>\n<\/div>\n<\/div>\n<\/div>\n<\/div>\n<\/div>\n<\/div>\n<\/div>\n<\/div>\n<\/div>\n<\/div>\n<\/div>\n<\/div>\n<\/div>\n<\/div>\n<\/div>\n<\/div>\n<\/div>\n<\/div>\n<\/div>\n<\/div>\n<\/div>\n<\/div>\n<\/div>\n<\/div>\n<\/div>\n<\/div>\n<\/div>\n<\/div>\n<\/div>\n<\/div>\n<\/div>\n<\/div>\n<\/div>\n<\/div>\n<\/div>\n<\/div>\n<\/div>\n<\/div>\n<\/div>\n<\/div>\n<\/div>\n<\/div>\n<\/div>\n<\/div>\n<\/div>\n<\/div>\n<\/div>\n<\/div>\n<\/div>\n<\/div>\n<\/div>\n<\/div>\n<\/div>\n<\/div>\n<\/div>\n<\/div>\n<\/div>\n<\/div>\n<\/div>\n<\/div>\n<\/div>\n<\/div>\n<\/div>\n<\/div>\n<\/div>\n<\/div>\n<\/div>\n<\/div>\n<\/div>\n<\/div>\n<\/div>\n<\/div>\n<\/div>\n<\/div>\n<\/div>\n<\/div>\n<\/div>\n<\/div>\n<\/div>\n<\/div>\n<\/div>\n<\/div>\n<\/div>\n<\/div>\n<\/div>\n<\/div>\n<\/div>\n<\/div>\n<\/div>\n<\/div>\n<\/div>\n<\/div>\n<\/div>\n<\/div>\n<\/div>\n<\/div>\n<\/div>\n<\/div>\n<\/div>\n<\/div>\n<\/div>\n<\/div>\n<\/div>\n","protected":false},"excerpt":{"rendered":"<p>Gas \u2022 Smooth surfaceBody, panelling made of stainless steel.Operable with LP or natural gas.Controlled by thermostat.Burner with ignition, pilot, thermocoupleand thermostat.If the flame goes out, gas are cutted off.Removable fat container.Gas devices are preset to natural gas(G20). Liquid gas nozzlesare enclosed (G30).Plate Thickness 15 mmEAN 8699234451218 \u00a0 Dimension (mm) 400x700x290 Gross (kg) 60 Gross (m\u00b3)<\/p>\n","protected":false},"featured_media":2584,"comment_status":"closed","ping_status":"closed","template":"","meta":[],"product_brand":[],"product_cat":[596],"product_tag":[559],"class_list":{"0":"post-2586","1":"product","2":"type-product","3":"status-publish","4":"has-post-thumbnail","6":"product_cat-fry-top-en","7":"product_tag-grill","9":"first","10":"instock","11":"taxable","12":"shipping-taxable","13":"purchasable","14":"product-type-simple","15":"prodpage-style2"},"_links":{"self":[{"href":"https:\/\/hitmutfak.com\/en\/wp-json\/wp\/v2\/product\/2586","targetHints":{"allow":["GET"]}}],"collection":[{"href":"https:\/\/hitmutfak.com\/en\/wp-json\/wp\/v2\/product"}],"about":[{"href":"https:\/\/hitmutfak.com\/en\/wp-json\/wp\/v2\/types\/product"}],"replies":[{"embeddable":true,"href":"https:\/\/hitmutfak.com\/en\/wp-json\/wp\/v2\/comments?post=2586"}],"wp:featuredmedia":[{"embeddable":true,"href":"https:\/\/hitmutfak.com\/en\/wp-json\/wp\/v2\/media\/2584"}],"wp:attachment":[{"href":"https:\/\/hitmutfak.com\/en\/wp-json\/wp\/v2\/media?parent=2586"}],"wp:term":[{"taxonomy":"product_brand","embeddable":true,"href":"https:\/\/hitmutfak.com\/en\/wp-json\/wp\/v2\/product_brand?post=2586"},{"taxonomy":"product_cat","embeddable":true,"href":"https:\/\/hitmutfak.com\/en\/wp-json\/wp\/v2\/product_cat?post=2586"},{"taxonomy":"product_tag","embeddable":true,"href":"https:\/\/hitmutfak.com\/en\/wp-json\/wp\/v2\/product_tag?post=2586"}],"curies":[{"name":"wp","href":"https:\/\/api.w.org\/{rel}","templated":true}]}}