{"id":12926,"date":"2024-11-04T19:31:26","date_gmt":"2024-11-04T16:31:26","guid":{"rendered":"https:\/\/hitmutfak.com\/product\/cunill-michigan-coffee-grinder\/"},"modified":"2024-11-04T19:31:26","modified_gmt":"2024-11-04T16:31:26","slug":"cunill-michigan-coffee-grinder","status":"publish","type":"product","link":"https:\/\/hitmutfak.com\/en\/product\/cunill-michigan-coffee-grinder\/","title":{"rendered":"Cun\u0131ll M\u0131ch\u0131gan Coffee Grinder"},"content":{"rendered":"<p>&#8211; Hopper capacity: 2 kg<br \/>\n&#8211; Micrometric regulation of coffee grind with regulating latch<br \/>\n&#8211; Hardened steel grinding blades 65 mm<br \/>\n&#8211; Power 680 Watt, rotation speed 1300 rpm, noise level 70 dB<br \/>\n&#8211; Maximum non-stop working time: 30 min<br \/>\n&#8211; Stop\/Start: Manual start<br \/>\n&#8211; Grinding and dispensing with timer<br \/>\n&#8211; Vibrating plate with packet holder<br \/>\n&#8211; Dimensions: 210 x 380 x 700 mm &#8211; Weight: 13 kg<br \/>\n&#8211; Color options: Stainless Steel<\/p>\n","protected":false},"excerpt":{"rendered":"<p><img loading=\"lazy\" decoding=\"async\" class=\"alignnone size-medium\" src=\"http:\/\/hitmutfak.com\/wp-content\/uploads\/2022\/06\/1656152592575-1.png\" width=\"145\" height=\"50\"><\/p>\n","protected":false},"featured_media":7824,"comment_status":"closed","ping_status":"closed","template":"","meta":[],"product_brand":[],"product_cat":[1574,1576,1578,1923,1471,1526,1527,1539],"product_tag":[],"class_list":{"0":"post-12926","1":"product","2":"type-product","3":"status-publish","4":"has-post-thumbnail","6":"product_cat-beverage-equipments","7":"product_cat-orange-juicers","8":"product_cat-coffee-machines-en-4","9":"product_cat-cunill-en","10":"product_cat-coffee-grinders-en","11":"product_cat-coffee-shop-and-bar-equipment","12":"product_cat-coffee-machines-en-3","13":"product_cat-coffee-grinders-en-3","15":"first","16":"instock","17":"taxable","18":"shipping-taxable","19":"purchasable","20":"product-type-simple","21":"prodpage-style2"},"_links":{"self":[{"href":"https:\/\/hitmutfak.com\/en\/wp-json\/wp\/v2\/product\/12926","targetHints":{"allow":["GET"]}}],"collection":[{"href":"https:\/\/hitmutfak.com\/en\/wp-json\/wp\/v2\/product"}],"about":[{"href":"https:\/\/hitmutfak.com\/en\/wp-json\/wp\/v2\/types\/product"}],"replies":[{"embeddable":true,"href":"https:\/\/hitmutfak.com\/en\/wp-json\/wp\/v2\/comments?post=12926"}],"wp:featuredmedia":[{"embeddable":true,"href":"https:\/\/hitmutfak.com\/en\/wp-json\/wp\/v2\/media\/7824"}],"wp:attachment":[{"href":"https:\/\/hitmutfak.com\/en\/wp-json\/wp\/v2\/media?parent=12926"}],"wp:term":[{"taxonomy":"product_brand","embeddable":true,"href":"https:\/\/hitmutfak.com\/en\/wp-json\/wp\/v2\/product_brand?post=12926"},{"taxonomy":"product_cat","embeddable":true,"href":"https:\/\/hitmutfak.com\/en\/wp-json\/wp\/v2\/product_cat?post=12926"},{"taxonomy":"product_tag","embeddable":true,"href":"https:\/\/hitmutfak.com\/en\/wp-json\/wp\/v2\/product_tag?post=12926"}],"curies":[{"name":"wp","href":"https:\/\/api.w.org\/{rel}","templated":true}]}}